{"id":21361,"date":"2025-10-25T22:04:13","date_gmt":"2025-10-25T20:04:13","guid":{"rendered":"https:\/\/www.fastaval.dk\/the-board-game-cafe-at-fastaval\/"},"modified":"2025-10-25T22:04:19","modified_gmt":"2025-10-25T20:04:19","slug":"the-board-game-cafe-at-fastaval","status":"publish","type":"page","link":"https:\/\/www.fastaval.dk\/en\/the-board-game-cafe-at-fastaval\/","title":{"rendered":"The board game caf\u00e9 at Fastaval"},"content":{"rendered":"\t\t<div data-elementor-type=\"wp-page\" data-elementor-id=\"21361\" class=\"elementor elementor-21361 elementor-389\">\n\t\t\t\t\t\t<section class=\"elementor-section elementor-top-section elementor-element elementor-element-d8f8627 elementor-section-boxed elementor-section-height-default elementor-section-height-default\" data-id=\"d8f8627\" data-element_type=\"section\" data-e-type=\"section\">\n\t\t\t\t\t\t<div class=\"elementor-container elementor-column-gap-default\">\n\t\t\t\t\t<div class=\"elementor-column elementor-col-100 elementor-top-column elementor-element elementor-element-eac81d4\" data-id=\"eac81d4\" data-element_type=\"column\" data-e-type=\"column\">\n\t\t\t<div class=\"elementor-widget-wrap elementor-element-populated\">\n\t\t\t\t\t\t<div class=\"elementor-element elementor-element-74e1d46 elementor-widget elementor-widget-text-editor\" data-id=\"74e1d46\" data-element_type=\"widget\" data-e-type=\"widget\" data-widget_type=\"text-editor.default\">\n\t\t\t\t<div class=\"elementor-widget-container\">\n\t\t\t\t\t\t\t\t\t<p>Every day during Fastaval, you can borrow a board game for free from our large board game library in the board game caf\u00e9. The board game caf\u00e9 is located next to the <a href=\"https:\/\/www.fastaval.dk\/praktisk\/salgssteder\/\">The Coffee Inn<\/a>. The board game library contains old classics, new gems and board games that have been designed for Fastaval&#8217;s board game competition over the years. The board game caf\u00e9 gurus are always ready to guide you or help you with explanations of the rules of our games \u2013 so don&#8217;t hesitate to ask them!   <\/p>\t\t\t\t\t\t\t\t<\/div>\n\t\t\t\t<\/div>\n\t\t\t\t\t<\/div>\n\t\t<\/div>\n\t\t\t\t\t<\/div>\n\t\t<\/section>\n\t\t\t\t<section class=\"elementor-section elementor-top-section elementor-element elementor-element-da92bd8 elementor-section-boxed elementor-section-height-default elementor-section-height-default\" data-id=\"da92bd8\" data-element_type=\"section\" data-e-type=\"section\" data-settings=\"{&quot;background_background&quot;:&quot;classic&quot;}\">\n\t\t\t\t\t\t<div class=\"elementor-container elementor-column-gap-default\">\n\t\t\t\t\t<div class=\"elementor-column elementor-col-50 elementor-top-column elementor-element elementor-element-d449e1a\" data-id=\"d449e1a\" data-element_type=\"column\" data-e-type=\"column\">\n\t\t\t<div class=\"elementor-widget-wrap elementor-element-populated\">\n\t\t\t\t\t\t<div class=\"elementor-element elementor-element-325ce68 elementor-widget__width-initial elementor-widget elementor-widget-text-editor\" data-id=\"325ce68\" data-element_type=\"widget\" data-e-type=\"widget\" data-widget_type=\"text-editor.default\">\n\t\t\t\t<div class=\"elementor-widget-container\">\n\t\t\t\t\t\t\t\t\t<p style=\"text-align: center;\"><strong>Opening hours for the Board Game Caf\u00e9:<\/strong><\/p><p>Wednesday: 9:00 a.m. to 2:00 a.m.<\/p><p>Thursday: 9:00 a.m. to 2:00 a.m.<\/p><p>Friday: 9:00 a.m. to 2:00 a.m.<\/p><p>Saturday: 9:00 a.m. to 2:00 a.m.<\/p><p>Sunday: 9:00 a.m. to 2:00 a.m.<\/p>\t\t\t\t\t\t\t\t<\/div>\n\t\t\t\t<\/div>\n\t\t\t\t\t<\/div>\n\t\t<\/div>\n\t\t\t\t<div class=\"elementor-column elementor-col-25 elementor-top-column elementor-element elementor-element-c6e6ea0\" data-id=\"c6e6ea0\" data-element_type=\"column\" data-e-type=\"column\">\n\t\t\t<div class=\"elementor-widget-wrap\">\n\t\t\t\t\t\t\t<\/div>\n\t\t<\/div>\n\t\t\t\t<div class=\"elementor-column elementor-col-25 elementor-top-column elementor-element elementor-element-3c6dd9f\" data-id=\"3c6dd9f\" data-element_type=\"column\" data-e-type=\"column\">\n\t\t\t<div class=\"elementor-widget-wrap\">\n\t\t\t\t\t\t\t<\/div>\n\t\t<\/div>\n\t\t\t\t\t<\/div>\n\t\t<\/section>\n\t\t\t\t<section class=\"elementor-section elementor-top-section elementor-element elementor-element-0138eb3 elementor-section-boxed elementor-section-height-default elementor-section-height-default\" data-id=\"0138eb3\" data-element_type=\"section\" data-e-type=\"section\">\n\t\t\t\t\t\t<div class=\"elementor-container elementor-column-gap-default\">\n\t\t\t\t\t<div class=\"elementor-column elementor-col-100 elementor-top-column elementor-element elementor-element-e139ae0\" data-id=\"e139ae0\" data-element_type=\"column\" data-e-type=\"column\">\n\t\t\t<div class=\"elementor-widget-wrap elementor-element-populated\">\n\t\t\t\t\t\t<div class=\"elementor-element elementor-element-208c6e4 elementor-widget elementor-widget-text-editor\" data-id=\"208c6e4\" data-element_type=\"widget\" data-e-type=\"widget\" data-widget_type=\"text-editor.default\">\n\t\t\t\t<div class=\"elementor-widget-container\">\n\t\t\t\t\t\t\t\t\t<div class=\"fusion-text fusion-text-5\"><h3 style=\"text-align: center;\"><strong>Fastaval&#8217;s board game library<\/strong><\/h3><\/div><div class=\"fusion-text fusion-text-6\"><p>Below you can see the selection of board games that you can borrow at the Board Game Caf\u00e9.<\/p><\/div>\t\t\t\t\t\t\t\t<\/div>\n\t\t\t\t<\/div>\n\t\t\t\t\t<\/div>\n\t\t<\/div>\n\t\t\t\t\t<\/div>\n\t\t<\/section>\n\t\t\t\t<section class=\"elementor-section elementor-top-section elementor-element elementor-element-f07fd66 elementor-section-boxed elementor-section-height-default elementor-section-height-default\" data-id=\"f07fd66\" data-element_type=\"section\" data-e-type=\"section\">\n\t\t\t\t\t\t<div class=\"elementor-container elementor-column-gap-default\">\n\t\t\t\t\t<div class=\"elementor-column elementor-col-50 elementor-top-column elementor-element elementor-element-2d03abf\" data-id=\"2d03abf\" data-element_type=\"column\" data-e-type=\"column\">\n\t\t\t<div class=\"elementor-widget-wrap elementor-element-populated\">\n\t\t\t\t\t\t<div class=\"elementor-element elementor-element-7187481 elementor-widget elementor-widget-text-editor\" data-id=\"7187481\" data-element_type=\"widget\" data-e-type=\"widget\" data-widget_type=\"text-editor.default\">\n\t\t\t\t<div class=\"elementor-widget-container\">\n\t\t\t\t\t\t\t\t\t<p><b>A<\/b><\/p><p>A Dishonest Adventure (FV2016)<br>A Fake Artist Goes to New York<br>A Game of Cat and Mouth<br>A Game og Thrones the board game<br>A la Carte<br>A War of Spirit (FV2020)<br>Abstract Network (FV2018)<br>Adventure Games: Monochrime inc.<br>Alcubierre (FV2017)<br>Alhambra<br>Amazing Lazy Merchants (FV2021)<br>Among Nobles (FV2013)<br>Amun-Re<br>Ancient Architects (FV2021)<br>And Then The Sky Turned Dark (FV2015)<br>Anno 1880<br>Antasia (FV2018)<br>Architects of Reality (FV2017)<br>Arena Mechs (FV2018)<br>Arkham Horror 3ed<br>Arkham Horror: The Card Game<br>Armor of the Dwarven King (FV2016)<br>Attack Right (FV2022)<br>Attika<br>Automata (FV2019)<br>Avalon 1<br>Avalon 2<br>Azul &#8211; Stained Glass of Sintra<\/p><p><strong>B<\/strong><br>Back Up<br>Bakari<br>Bang! The Bullet!<br>Beast (FV2021)<br>Beasty Pageant (FV2023)<br>Behemoth (FV2019)<br>Berserker Halflings from the Dungeon of Dragons<br>Betrayal at Baldurs Gate<br>Biotopia<br>Blackout: Hong Kong<br>Blades, Bows &amp; Fireballs (FV2016)<br>Blood Rage<br>Bodensee Tourismus(FV2019)<br>Bohnanza<br>Brainstorm<br>Bravest Warriors<br>Burning Rome (FV2015)<br>B\u00e4renpark <\/p><p><strong>C<\/strong><br>Cafe Life (FV2016)<br>Camp Roskilde<br>Cape Horn<br>Capital (FV2022)<br>Carcasonne Die Jager und Sammler<br>Carcassonne 1<br>Carcassonne 2<br>Cards Against Humanity<br>Cartographers Heroes<br>Cascadia<br>Cascadia 2<br>Cash n Guns<br>Catan 1<br>Catan 2<br>Caverna<br>Caverna: Cave Farmers<br>Caylus 1303<br>Checkpoint Rally (FV2019)<br>Citadels<br>Citadels lille 1<br>Citadels lille 2<br>City of Masks (FV2023)<br>Civilization a New Dawn<br>Claim to Fame (FV2017)<br>ClockDown &#8211; Pirate&#8217;s Bounty (FV2018)<br>Codenames Dansk<br>Codenames Engelsk<br>Collectors (FV2020)<br>Combo Color<br>Compact Curling<br>Concept<br>Copenhagen<br>Cora Quest<br>Cortex<br>Counter Defense (FV2016)<br>Coup: Rebellion G54<br>Crash by Crash<br>Crazy Karts<br>Ctrl Brain (FV2020)<br>Cubitos<br>Cumulus (FV2019)<\/p><p><strong>D<\/strong><br>Dead Man&#8217;s Draw<br>Dead of Winter<br>Deception: Murder in Hong Kong<br>Defense of Kings Keep (FV2020)<br>Deities of the Old Kingdom (FV2022)<br>Deja Vu?<br>Den Forbudte \u00d8<br>Det d\u00e5rlige selskab<br>Det d\u00e5rlige selskab udvidelse 1A<br>Det d\u00e5rlige selskab udvidelse 1B<br>Deus<br>Dice Town<br>Dicey Goblins<br>Die Drachen!<br>Diesel (FV2023)<br>Divided Bodies (FV2023)<br>Dixit<br>Dobble<br>Don&#8217;t Drop the Soap (pap\u00e6ske)<br>Doodle Dash<br>Dr Eureka<br>Draco &amp; co<br>Dragon&#8217;s Gold<br>Draw Town Legacy (FV2020)<br>Dungeon Contractors (FV2018)<br>Dungeons and Dragons: The Yawning Portal<br>Dv\u00e6rge og Diamanter (FV2017)<\/p><p><strong>E<\/strong><br>Elasund: The First City<br>Eldritch Arkham (FV2019)<br>Epic Card Game<br>Everdell<br>Exoplanet Colony (FV2019)<br>Exploding Kittens<br>Extravaganza<\/p><p><strong>F<\/strong><br>Fallout<br>Fantahzee: Hordes &amp; Heroes<br>Fantasy Planet (FV2023)<br>Feasting Fiends (FV2021)<br>Fields of green<br>Fireball Island med udvidelse<br>Flamme Rouge<br>Flick &#8217;em Up!<br>Flick Race (FV2019)<br>Forest Run (FV2022)<br>Formula D<br>Free Running Marseille (FV2021)<\/p><p><strong>G<\/strong><br>Gaia Project<br>Game of Blame<br>Gangland!<br>Garden Gnomes Violent Vendetta<br>Garden Gnomes Wizard Warfare<br>Gertrudes v\u00e6relse (FV2020)<br>Gift ved f\u00f8rste Blik<br>Gin and Giraffes (FV2021)<br>Glasnost (FV2023)<br>Goblins &amp; Gunpowder (FV2023)<br>Goetia: Nine Kings of Solomon<br>Good Cat Bad Cat<br>Grave Robbers from Outer Space<br>Guildhall<\/p><p><strong>H<\/strong><br>Halli Cups<br>Halli Galli<br>Happy Salmon<br>Hard to Get<br>Hard to Get 2<br>Harry Potter Cluedo<br>Harvest Dice<br>Hatsuden<br>Heat 2<br>Hellspawn (FV2020)<br>Henhouse Havoc<br>Hero Realms<br>Hexed (FV2020)<br>High Rise Hustle (FV2022)<br>Hivemind (FV2015)<br>Holiday Resort (FV2017)<br>Honour Among Thieves (FV2014)<br>Horticulture Master<br>Hunters in the Mist (FV2022)<\/p><p><strong>I<\/strong><br>Ia! Ia! (FV2016)<br>Illumuffinati (FV2019)<br>Illumuffinati (FV2019)<br>Inn Fighting<br>Innovation<br>Insider  <\/p><p><strong>J<\/strong><br>Jumping Frog (FV2016)<br>Junkyard Mayhem (FV2020)<\/p><p><strong>K<\/strong><br>Keyforge<br>King of New York<br>King of Pirates<br>King&#8217;s Gate<br>Kingdom builder<br>Kingdomino (stor)<br>Kingmaker (FV2017)<br>KLar parat Barn!<br>Klask 2 spiller &#8211; 1<br>Klask 2 spiller &#8211; 2<br>Knight Tales (FV2018)<br>Kosmonauter i Krise (FV2016)<br>Kroket (FV2013)<br>Kung fu Fighting<br>Kvaksalver<\/p><p><strong>L<\/strong><br>Lagrange (FV2020)<br>Last one standing <br>Layers<br>Legendary Inventors<br>Let Them Eat Cake<br>Libertalia winds of galecrest<br>Lies Upon Lies (FV2023)<br>Lille De (FV2020)<br>Living Forest<br>Loony Quest<br>Love Letter<br>Love Letter: Jabbas Palace<br>LoveSick (FV2012)<br>Lucia<\/p>\t\t\t\t\t\t\t\t<\/div>\n\t\t\t\t<\/div>\n\t\t\t\t\t<\/div>\n\t\t<\/div>\n\t\t\t\t<div class=\"elementor-column elementor-col-50 elementor-top-column elementor-element elementor-element-c67f6e1\" data-id=\"c67f6e1\" data-element_type=\"column\" data-e-type=\"column\">\n\t\t\t<div class=\"elementor-widget-wrap elementor-element-populated\">\n\t\t\t\t\t\t<div class=\"elementor-element elementor-element-f52e762 elementor-widget elementor-widget-text-editor\" data-id=\"f52e762\" data-element_type=\"widget\" data-e-type=\"widget\" data-widget_type=\"text-editor.default\">\n\t\t\t\t<div class=\"elementor-widget-container\">\n\t\t\t\t\t\t\t\t\t<p><strong>M<\/strong><\/p><p>Madness at Midnight (FV2014)<br>Magic Maze<br>Maginor<br>Marvel Champions: The Card Game<br>Mastersmith (FV2014)<br>Match Madness<br>Mice &amp; Dragons (FV2019)<br>MicroMacro: Crime City &#8211; Full House<br>Midsummer (FV2016)<br>Mio: Br\u00e4dspelet<br>Mists over Carcassonne <br>Monopoly (Friends the TV series)<br>Monster &amp; Mythen<br>Mother (FV2016)<br>Motu-Nui (FV2023)<br>Motu-Nui (FV2023)<br>Mountains of Madness<br>Move It! (FV2018)<br>Mudita (FV2019)<br>Munchkin<br>Munchkin Bites <br>Munchkin Booty<br>Munchkin Fu<br>Munchkin Marvel<br>Mutating Moles of Mayhem (FV2020)<br>Myretuen <\/p><p><strong>N<\/strong><br>Nabokrig (FV2023)<br>Nag&#8217;Dor (FV2020)<br>New Salem<br>No Thanks!<br>Nobjects<\/p><p><strong>O<\/strong><br>Odyssey of Heroes (FV2020)<br>Orbis<br>Orbit (FV2016)<br>Ordet Fanger!<br>Out of Time (FV2023)<\/p><p><strong>P<\/strong><br>Paleo<br>Paperback<br>Parasite (FV2019)<br>Parts per Million(FV2018)<br>Party Survival (FV2019)<br>Party Survival (FV2019)<br>Patchwork<br>Patchwork Express<br>Pedigree Dogs (FV2020)<br>Pencil Pirates (FV2021)<br>Penguin Pirates (FV2022)<br>Perfect Alibi<br>Photosynthesis<br>Pirate Fluxx<br>Pizza Delivery (FV2017)<br>Playful Gods (FV2020)<br>Point Salad<br>Politeia (FV2022)<br>Politique (FV2022)<br>Potato Patrol (FV2023)<br>Potion Explosion<br>Prism Break (FV2020)<br>PsyberWar (FV2018)<br>Puerto Rico<br>Pyramid Arcade<\/p><p><strong>Q<\/strong><br>Quadropolis<br>Queendomino<br>Quest for El Dorado<\/p><p><strong>R<\/strong><br>Ragnarok (FV2017)<br>Rick and Morty: Total Rickall Card Game<br>Riding Shotgun (FV2021)<br>Rising Kings<br>Rising Sands (FV2018)<br>Risk<br>Risk: Transformers &#8211; Cybertron war edition<br>Road to Power (FV2014)<br>Robotprins (FV2023)<br>Rock paper wizard<\/p><p><strong>S<\/strong><br>Sabordage<br>Saboteur<br>San Juan<br>Schatten \u00fcber Camelot<br>Schr\u00f6dingers Cat (FV2021)<br>Scion (FV2019)<br>Scotland Wiss (FV2020)<br>Scout<br>Sentinels of the Multiverse<br>Setup<br>Shadow Blocks<br>Shadow Hunters<br>Shadows: Amsterdam<br>Sheriff of Nottingham<br>Siege Perilous (FV2012)<br>Silent Planet (FV2022) <br>Skulk Hollow<br>Sky Cities (FV2017)<br>Smallworld<br>Smash Up<br>Snake Shadows (FV2017)<br>Snavseper<br>Sneglefart (FV 2015)<br>Snekuller (FV2018)<br>Sold Out (FV2022)<br>Solskins\u00f8en del 1-3 (FV2023)<br>Sonar Family<br>SP4X (FV2022)<br>Space Cadets<br>Space Caravan (FV2021)<br>Spirits of the Rice Paddy<br>Splatter Shoot<br>Splendor<br>Spyfall<br>Star Meeples (FV2021)<br>Star Munchkin<br>Star Realms: Colony Wars<br>Star Wars: The Deckbuilding Game<br>Steam Up (FV2021)<br>Stellar Scramble (FV2022)<br>Stick Stack (FV2016)<br>Stone Age<br>Storm Chasers (FV2019)<br>Stratego<br>Stumblewood<\/p><p><strong>T<\/strong><br>Taco Cat Goat Cheese Pizza<br>Tales of Glory<br>Talisman<br>Tangle (FV2022)<br>Team EvL (FV2018)<br>Tenure Tournament (FV2019)<br>Terraforming Mars <br>The Machine (FV2019)<br>The Scurvy Musketeers<br>The Secret Commonwealth (FV2023)<br>The Slimy Slippery Rat Slope (FV2022)<br>The Two Princes (FV2019)<br>Through the Ages: A New Story of Civilization<br>Thunderstone Advance: Towers of Ruin<br>Ticket to Ride Europe<br>Tiny Epic Western<br>Tiny Epic Zombies<br>Tokyo Highway<br>Transylvanian Lottery (FV2022)<br>Trial by Trolley<br>Trolls From the Mist (FV2020)<br>Troyes<br>Twin It!<br>Twin Tin Bots<br>Tzolk&#8217;in: the Mayan Calendar<\/p><p><strong>U<\/strong><br>Ultimate Werewolf<br>Unfathomable<br>Unlock<br>Urds R\u00e5d (FV2020)<\/p><p><strong>V<\/strong><br>Valley of the Kings<br>Vast<br>Verdensm\u00e5l<br>Viceroy<\/p><p><strong>W<\/strong><br>Weeds (FV2023)<br>Where Art Though Romeo<br>Whirling Witchcraft (FV2019)<br>White Buffalo (FV2022)<br>Wild Woods (FV2023)<br>Wild Woods 2 (FV2023)<br>Wild Woods 3 (FV2023)<br>Windjammer (FV2018)<br>Wings of War<br>Wingspan 2<br>Witch Hunt (FV2018)<br>Wits and Wagers<br>Wolves on the Hunt (FV2022)<br>WordSpiel<br>XOBrainer<\/p><p><strong>Z<\/strong><br>Z &#8211; How will you survive? (FV2017)<br>Zug um Zug <\/p><p><strong>0-9<\/strong><\/p><p>1244 The Fall of Montegur (FV2013)<br>3 Love Games 18+<br>50 Clues: De D\u00f8des Pendul (FV2019)<br>50 Clues: Hvid S\u00f8vn<br>50 Clues: Leopolds Sk\u00e6bne<br>50 Clues: Pendulum of the Dead (FV2019)<br>50 Clues: Ritualet (FV2018)<br>50 Clues: The Fate of Leopold<br>50 Clues: The Fate of Leopold<br>50 Clues: White Sleep<br>7 Days (FV2018)<br>7 Wonders<br>7 Wonders<br>8 Bit Box<\/p>\t\t\t\t\t\t\t\t<\/div>\n\t\t\t\t<\/div>\n\t\t\t\t\t<\/div>\n\t\t<\/div>\n\t\t\t\t\t<\/div>\n\t\t<\/section>\n\t\t\t\t<\/div>\n\t\t","protected":false},"excerpt":{"rendered":"<p>Every day during Fastaval, you can borrow a board game for free from our large board game library in the board game caf\u00e9. The board game caf\u00e9 is located next to the The Coffee Inn. The board game library contains old classics, new gems and board games that have been designed for Fastaval&#8217;s board game [&hellip;]<\/p>\n","protected":false},"author":30,"featured_media":0,"parent":0,"menu_order":3,"comment_status":"closed","ping_status":"closed","template":"","meta":{"om_disable_all_campaigns":false,"_monsterinsights_skip_tracking":false,"_monsterinsights_sitenote_active":false,"_monsterinsights_sitenote_note":"","_monsterinsights_sitenote_category":0,"_uf_show_specific_survey":0,"_uf_disable_surveys":false,"footnotes":""},"class_list":["post-21361","page","type-page","status-publish","hentry"],"aioseo_notices":[],"_links":{"self":[{"href":"https:\/\/www.fastaval.dk\/en\/wp-json\/wp\/v2\/pages\/21361","targetHints":{"allow":["GET"]}}],"collection":[{"href":"https:\/\/www.fastaval.dk\/en\/wp-json\/wp\/v2\/pages"}],"about":[{"href":"https:\/\/www.fastaval.dk\/en\/wp-json\/wp\/v2\/types\/page"}],"author":[{"embeddable":true,"href":"https:\/\/www.fastaval.dk\/en\/wp-json\/wp\/v2\/users\/30"}],"replies":[{"embeddable":true,"href":"https:\/\/www.fastaval.dk\/en\/wp-json\/wp\/v2\/comments?post=21361"}],"version-history":[{"count":1,"href":"https:\/\/www.fastaval.dk\/en\/wp-json\/wp\/v2\/pages\/21361\/revisions"}],"predecessor-version":[{"id":21362,"href":"https:\/\/www.fastaval.dk\/en\/wp-json\/wp\/v2\/pages\/21361\/revisions\/21362"}],"wp:attachment":[{"href":"https:\/\/www.fastaval.dk\/en\/wp-json\/wp\/v2\/media?parent=21361"}],"curies":[{"name":"wp","href":"https:\/\/api.w.org\/{rel}","templated":true}]}}