{"id":21406,"date":"2025-10-26T00:02:54","date_gmt":"2025-10-25T22:02:54","guid":{"rendered":"https:\/\/www.fastaval.dk\/become-an-organiser-at-fastaval\/"},"modified":"2025-10-26T00:03:06","modified_gmt":"2025-10-25T22:03:06","slug":"become-an-organiser-at-fastaval","status":"publish","type":"page","link":"https:\/\/www.fastaval.dk\/en\/become-an-organiser-at-fastaval\/","title":{"rendered":"Become an organiser at Fastaval"},"content":{"rendered":"\t\t<div data-elementor-type=\"wp-page\" data-elementor-id=\"21406\" class=\"elementor elementor-21406 elementor-20411\">\n\t\t\t\t\t\t<section class=\"elementor-section elementor-top-section elementor-element elementor-element-b2066d3 elementor-section-boxed elementor-section-height-default elementor-section-height-default\" data-id=\"b2066d3\" data-element_type=\"section\" data-e-type=\"section\">\n\t\t\t\t\t\t<div class=\"elementor-container elementor-column-gap-default\">\n\t\t\t\t\t<div class=\"elementor-column elementor-col-100 elementor-top-column elementor-element elementor-element-701a752\" data-id=\"701a752\" data-element_type=\"column\" data-e-type=\"column\">\n\t\t\t<div class=\"elementor-widget-wrap elementor-element-populated\">\n\t\t\t\t\t\t<div class=\"elementor-element elementor-element-b991f5b elementor-widget elementor-widget-text-editor\" data-id=\"b991f5b\" data-element_type=\"widget\" data-e-type=\"widget\" data-widget_type=\"text-editor.default\">\n\t\t\t\t<div class=\"elementor-widget-container\">\n\t\t\t\t\t\t\t\t\t<p>Fastaval is 100% run by volunteers, and without our fantastic organisers, there would be no Fastaval!<\/p><p>We appreciate all the help we can get, and as an organiser, you will have a lot of freedom, the opportunity to be creative and become part of a fantastic community.<br>Whether you have a specific idea you would like to bring to life, a special skill you would like to use and develop, or you simply want to lend a hand where it is needed, we would love to hear from you!<\/p><p>Previous event management experience is not necessary. We appreciate anyone who wants to help, and we provide support and training along the way. <\/p>\t\t\t\t\t\t\t\t<\/div>\n\t\t\t\t<\/div>\n\t\t\t\t\t<\/div>\n\t\t<\/div>\n\t\t\t\t\t<\/div>\n\t\t<\/section>\n\t\t\t\t<section class=\"elementor-section elementor-top-section elementor-element elementor-element-c22d7a1 elementor-section-boxed elementor-section-height-default elementor-section-height-default\" data-id=\"c22d7a1\" data-element_type=\"section\" data-e-type=\"section\">\n\t\t\t\t\t\t<div class=\"elementor-container elementor-column-gap-default\">\n\t\t\t\t\t<div class=\"elementor-column elementor-col-50 elementor-top-column elementor-element elementor-element-c3fcda5\" data-id=\"c3fcda5\" data-element_type=\"column\" data-e-type=\"column\">\n\t\t\t<div class=\"elementor-widget-wrap elementor-element-populated\">\n\t\t\t\t\t\t<div class=\"elementor-element elementor-element-6af84fc elementor-widget elementor-widget-heading\" data-id=\"6af84fc\" data-element_type=\"widget\" data-e-type=\"widget\" data-widget_type=\"heading.default\">\n\t\t\t\t<div class=\"elementor-widget-container\">\n\t\t\t\t\t<h2 class=\"elementor-heading-title elementor-size-default\">How do I become a volunteer?<\/h2>\t\t\t\t<\/div>\n\t\t\t\t<\/div>\n\t\t\t\t<div class=\"elementor-element elementor-element-ae5903d elementor-widget elementor-widget-text-editor\" data-id=\"ae5903d\" data-element_type=\"widget\" data-e-type=\"widget\" data-widget_type=\"text-editor.default\">\n\t\t\t\t<div class=\"elementor-widget-container\">\n\t\t\t\t\t\t\t\t\t<p>If you would like to become part of the organising team, you can:<\/p><ul><li>Contact the main organisers at <a href=\"mailto:fastaval@fastaval.dk\">fastaval@fastaval.dk<\/a><\/li><li>Keep an eye on the announcements here on this page or on Fastaval&#8217;s social media, where we sometimes seek volunteers for specific tasks. These announcements also state who the contact person is. <\/li><\/ul><p><br>If you don&#8217;t have a specific area you&#8217;re passionate about, but just want to be part of the team and help out, we&#8217;ll be happy to suggest where we need help the most.<\/p><p>The main organisers will put together the organising team in the autumn, so the sooner you register your interest, the greater your chance of influencing this year&#8217;s Fastaval.<\/p><p>Would you like to join us? Then get in touch \u2013 we look forward to hearing from you! <\/p>\t\t\t\t\t\t\t\t<\/div>\n\t\t\t\t<\/div>\n\t\t\t\t\t<\/div>\n\t\t<\/div>\n\t\t\t\t<div class=\"elementor-column elementor-col-50 elementor-top-column elementor-element elementor-element-e28ca83\" data-id=\"e28ca83\" data-element_type=\"column\" data-e-type=\"column\">\n\t\t\t<div class=\"elementor-widget-wrap elementor-element-populated\">\n\t\t\t\t\t\t<div class=\"elementor-element elementor-element-87b8e28 elementor-widget elementor-widget-image\" data-id=\"87b8e28\" data-element_type=\"widget\" data-e-type=\"widget\" data-widget_type=\"image.default\">\n\t\t\t\t<div class=\"elementor-widget-container\">\n\t\t\t\t\t\t\t\t\t\t\t\t\t\t\t<img fetchpriority=\"high\" decoding=\"async\" width=\"800\" height=\"514\" src=\"https:\/\/www.fastaval.dk\/wp-content\/uploads\/2025\/03\/Opsaetningshold-2024.jpg\" class=\"attachment-large size-large wp-image-21345\" alt=\"\" srcset=\"https:\/\/www.fastaval.dk\/wp-content\/uploads\/2025\/03\/Opsaetningshold-2024.jpg 1767w, https:\/\/www.fastaval.dk\/wp-content\/uploads\/2025\/03\/Opsaetningshold-2024-300x193.jpg 300w, https:\/\/www.fastaval.dk\/wp-content\/uploads\/2025\/03\/Opsaetningshold-2024-768x494.jpg 768w, https:\/\/www.fastaval.dk\/wp-content\/uploads\/2025\/03\/Opsaetningshold-2024-1536x987.jpg 1536w, https:\/\/www.fastaval.dk\/wp-content\/uploads\/2025\/03\/Opsaetningshold-2024-18x12.jpg 18w\" sizes=\"(max-width: 800px) 100vw, 800px\" \/>\t\t\t\t\t\t\t\t\t\t\t\t\t\t\t<\/div>\n\t\t\t\t<\/div>\n\t\t\t\t\t<\/div>\n\t\t<\/div>\n\t\t\t\t\t<\/div>\n\t\t<\/section>\n\t\t\t\t<section class=\"elementor-section elementor-top-section elementor-element elementor-element-7ef2be1 elementor-section-boxed elementor-section-height-default elementor-section-height-default\" data-id=\"7ef2be1\" data-element_type=\"section\" data-e-type=\"section\">\n\t\t\t\t\t\t<div class=\"elementor-container elementor-column-gap-default\">\n\t\t\t\t\t<div class=\"elementor-column elementor-col-100 elementor-top-column elementor-element elementor-element-2dcc841\" data-id=\"2dcc841\" data-element_type=\"column\" data-e-type=\"column\">\n\t\t\t<div class=\"elementor-widget-wrap elementor-element-populated\">\n\t\t\t\t\t\t<div class=\"elementor-element elementor-element-cf367cb elementor-widget-divider--view-line_icon elementor-view-default elementor-widget-divider--element-align-center elementor-widget elementor-widget-divider\" data-id=\"cf367cb\" data-element_type=\"widget\" data-e-type=\"widget\" data-widget_type=\"divider.default\">\n\t\t\t\t<div class=\"elementor-widget-container\">\n\t\t\t\t\t\t\t<div class=\"elementor-divider\">\n\t\t\t<span class=\"elementor-divider-separator\">\n\t\t\t\t\t\t\t<div class=\"elementor-icon elementor-divider__element\">\n\t\t\t\t\t<svg xmlns=\"http:\/\/www.w3.org\/2000\/svg\" viewBox=\"0 0 988.06 1003.1\"><defs><style>.cls-1{isolation:isolate;}<\/style><\/defs><g id=\"OTTO\" class=\"cls-1\"><path d=\"M954.3,525.77a424.81,424.81,0,0,1,168.63,34.55,432.32,432.32,0,0,1,138,94.46,440.59,440.59,0,0,1,93.24,140.39,450.25,450.25,0,0,1,0,344.3,440.64,440.64,0,0,1-93.24,140.4,432.32,432.32,0,0,1-138,94.46,428.89,428.89,0,0,1-337.25,0,432.32,432.32,0,0,1-138-94.46,440.47,440.47,0,0,1-93.24-140.4,450.25,450.25,0,0,1,0-344.3,440.43,440.43,0,0,1,93.24-140.39,432.32,432.32,0,0,1,138-94.46A424.8,424.8,0,0,1,954.3,525.77m0-60c-272.84,0-494,224.55-494,501.55s221.19,501.55,494,501.55,494-224.55,494-501.55-221.19-501.55-494-501.55Z\" transform=\"translate(-460.27 -465.77)\"><\/path><path id=\"Tors_Black\" data-name=\"Tors Black\" d=\"M780.85,1418.08s4.78-48.23,14.76-108.26c8.67-52.14,21.31-90.5,36.8-125.34,14.18-31.87,28.46-57.35,57.07-85.2,15.58-15.16,35.58-28.23,38.21-29.87,26.76-16.66,32.92-18.14,57.26-34.26,21.08-14,38.4-27.07,48.8-44.27,2.16-3.57,6.71-14.12,6.71-14.12l.49-6.41c-.9-11.7-13.09-40.62-25.34-57.33-12.4-16.94-23.82-32.12-49.06-55.47a590.83,590.83,0,0,0-58.86-48.14c-24.34-17.46-59.85-35.48-66.21-38.79-23.7-12.33-32.64-17.4-57.07-26.67-24.71-9.38-53.08-18.18-53.08-18.18,3.48-11.15,7.22-16.46,18.18-23.63,15.17-9.92,29.84-9.94,45-9.66,24.94.47,40.7,5.56,57.06,10.94,37.34,12.26,67.92,23.22,87.2,28.53,36.42,10,65.19,15.9,86.67,18.67,26.93,3.46,45.44,1.38,91.73,6.66,54.78,6.25,65.88,11.58,72.3,14,18.66,6.88,40.44,15.2,60,36.36a127.51,127.51,0,0,1,27.27,47.27c7.81,24.5,5.87,44.34,3.64,67.27A325.5,325.5,0,0,1,1265.21,994c-9.13,27.1-10.11,26.6-17.33,48.62-2.52,7.67-4,8.62-11.1,55.88-5.11,33.78-3.74,37.25-3.3,46.52.35,7.4-.73,17.64,6.94,44.39,6.07,21.16,11,38.22,20,60,23.92,57.61,34.39,74.22,34.39,74.22s-6.41,6.65-15.93,14.95c-7.52,6.56-13.2,11.9-23.4,19.8-9.83,7.61-20.52,15.38-25.4,18.8a374.1,374.1,0,0,1-41.4,25.2c-15.11,7.81-30.59,15.62-45.9,21.7-16.68,6.63-33,11.75-46.8,15.9-19.78,6-48.5,11.77-75.3,14.8a471,471,0,0,1-52,2.8c-50.82,0-86.84-6.79-118.42-15.1C809.55,1431.77,780.85,1418.08,780.85,1418.08Z\" transform=\"translate(-460.27 -465.77)\"><\/path><\/g><\/svg><\/div>\n\t\t\t\t\t\t<\/span>\n\t\t<\/div>\n\t\t\t\t\t\t<\/div>\n\t\t\t\t<\/div>\n\t\t\t\t\t<\/div>\n\t\t<\/div>\n\t\t\t\t\t<\/div>\n\t\t<\/section>\n\t\t\t\t<section class=\"elementor-section elementor-top-section elementor-element elementor-element-b10ac14 elementor-section-boxed elementor-section-height-default elementor-section-height-default\" data-id=\"b10ac14\" data-element_type=\"section\" data-e-type=\"section\">\n\t\t\t\t\t\t<div class=\"elementor-container elementor-column-gap-default\">\n\t\t\t\t\t<div class=\"elementor-column elementor-col-100 elementor-top-column elementor-element elementor-element-091a9c8\" data-id=\"091a9c8\" data-element_type=\"column\" data-e-type=\"column\">\n\t\t\t<div class=\"elementor-widget-wrap elementor-element-populated\">\n\t\t\t\t\t\t<div class=\"elementor-element elementor-element-d0855f2 elementor-widget elementor-widget-heading\" data-id=\"d0855f2\" data-element_type=\"widget\" data-e-type=\"widget\" data-widget_type=\"heading.default\">\n\t\t\t\t<div class=\"elementor-widget-container\">\n\t\t\t\t\t<h2 class=\"elementor-heading-title elementor-size-default\">Where is help needed?<\/h2>\t\t\t\t<\/div>\n\t\t\t\t<\/div>\n\t\t\t\t<div class=\"elementor-element elementor-element-fdce6d6 elementor-widget elementor-widget-text-editor\" data-id=\"fdce6d6\" data-element_type=\"widget\" data-e-type=\"widget\" data-widget_type=\"text-editor.default\">\n\t\t\t\t<div class=\"elementor-widget-container\">\n\t\t\t\t\t\t\t\t\t<p>Below you will find posts about event organiser tasks that need filling. <\/p>\t\t\t\t\t\t\t\t<\/div>\n\t\t\t\t<\/div>\n\t\t\t\t<div class=\"elementor-element elementor-element-889fd22 elementor-widget elementor-widget-text-editor\" data-id=\"889fd22\" data-element_type=\"widget\" data-e-type=\"widget\" data-widget_type=\"text-editor.default\">\n\t\t\t\t<div class=\"elementor-widget-container\">\n\t\t\t\t\t\t\t\t\t<p>Right now, we don&#8217;t have any specific tasks that need help, but please contact us anyway if you are interested in becoming an organiser! <br>We regularly need extra hands, and we would love to hear from you so that we can find a task that suits your interests and skills. <\/p>\t\t\t\t\t\t\t\t<\/div>\n\t\t\t\t<\/div>\n\t\t\t\t\t<\/div>\n\t\t<\/div>\n\t\t\t\t\t<\/div>\n\t\t<\/section>\n\t\t\t\t<section class=\"elementor-section elementor-top-section elementor-element elementor-element-8684187 elementor-hidden-desktop elementor-hidden-tablet elementor-hidden-mobile elementor-section-boxed elementor-section-height-default elementor-section-height-default\" data-id=\"8684187\" data-element_type=\"section\" data-e-type=\"section\">\n\t\t\t\t\t\t<div class=\"elementor-container elementor-column-gap-default\">\n\t\t\t\t\t<div class=\"elementor-column elementor-col-50 elementor-top-column elementor-element elementor-element-07a98d6\" data-id=\"07a98d6\" data-element_type=\"column\" data-e-type=\"column\">\n\t\t\t<div class=\"elementor-widget-wrap elementor-element-populated\">\n\t\t\t\t\t\t<div class=\"elementor-element elementor-element-4d98d24 elementor-widget elementor-widget-heading\" data-id=\"4d98d24\" data-element_type=\"widget\" data-e-type=\"widget\" data-widget_type=\"heading.default\">\n\t\t\t\t<div class=\"elementor-widget-container\">\n\t\t\t\t\t<h3 class=\"elementor-heading-title elementor-size-default\">Vi s\u00f8ger en kommunikationsansvarlig<\/h3>\t\t\t\t<\/div>\n\t\t\t\t<\/div>\n\t\t\t\t<div class=\"elementor-element elementor-element-19e178b elementor-widget elementor-widget-text-editor\" data-id=\"19e178b\" data-element_type=\"widget\" data-e-type=\"widget\" data-widget_type=\"text-editor.default\">\n\t\t\t\t<div class=\"elementor-widget-container\">\n\t\t\t\t\t\t\t\t\t<p>Her kan der inds\u00e6ttes en tekst som forklarer hvad opgaven g\u00e5r ud p\u00e5 og hvem man kan kontakte&#8230;<\/p>\t\t\t\t\t\t\t\t<\/div>\n\t\t\t\t<\/div>\n\t\t\t\t\t<\/div>\n\t\t<\/div>\n\t\t\t\t<div class=\"elementor-column elementor-col-50 elementor-top-column elementor-element elementor-element-fd2ee6d\" data-id=\"fd2ee6d\" data-element_type=\"column\" data-e-type=\"column\">\n\t\t\t<div class=\"elementor-widget-wrap\">\n\t\t\t\t\t\t\t<\/div>\n\t\t<\/div>\n\t\t\t\t\t<\/div>\n\t\t<\/section>\n\t\t\t\t<\/div>\n\t\t","protected":false},"excerpt":{"rendered":"<p>Fastaval is 100% run by volunteers, and without our fantastic organisers, there would be no Fastaval! We appreciate all the help we can get, and as an organiser, you will have a lot of freedom, the opportunity to be creative and become part of a fantastic community.Whether you have a specific idea you would like [&hellip;]<\/p>\n","protected":false},"author":25,"featured_media":0,"parent":0,"menu_order":0,"comment_status":"closed","ping_status":"closed","template":"","meta":{"om_disable_all_campaigns":false,"_monsterinsights_skip_tracking":false,"_monsterinsights_sitenote_active":false,"_monsterinsights_sitenote_note":"","_monsterinsights_sitenote_category":0,"_uf_show_specific_survey":0,"_uf_disable_surveys":false,"footnotes":""},"class_list":["post-21406","page","type-page","status-publish","hentry"],"aioseo_notices":[],"_links":{"self":[{"href":"https:\/\/www.fastaval.dk\/en\/wp-json\/wp\/v2\/pages\/21406","targetHints":{"allow":["GET"]}}],"collection":[{"href":"https:\/\/www.fastaval.dk\/en\/wp-json\/wp\/v2\/pages"}],"about":[{"href":"https:\/\/www.fastaval.dk\/en\/wp-json\/wp\/v2\/types\/page"}],"author":[{"embeddable":true,"href":"https:\/\/www.fastaval.dk\/en\/wp-json\/wp\/v2\/users\/25"}],"replies":[{"embeddable":true,"href":"https:\/\/www.fastaval.dk\/en\/wp-json\/wp\/v2\/comments?post=21406"}],"version-history":[{"count":1,"href":"https:\/\/www.fastaval.dk\/en\/wp-json\/wp\/v2\/pages\/21406\/revisions"}],"predecessor-version":[{"id":21407,"href":"https:\/\/www.fastaval.dk\/en\/wp-json\/wp\/v2\/pages\/21406\/revisions\/21407"}],"wp:attachment":[{"href":"https:\/\/www.fastaval.dk\/en\/wp-json\/wp\/v2\/media?parent=21406"}],"curies":[{"name":"wp","href":"https:\/\/api.w.org\/{rel}","templated":true}]}}