{"id":24113,"date":"2026-01-25T11:16:20","date_gmt":"2026-01-25T09:16:20","guid":{"rendered":"https:\/\/www.fastaval.dk\/guides-og-ressourcer\/"},"modified":"2026-01-25T11:16:26","modified_gmt":"2026-01-25T09:16:26","slug":"guides-og-ressourcer","status":"publish","type":"page","link":"https:\/\/www.fastaval.dk\/en\/guides-og-ressourcer\/","title":{"rendered":"Guides og ressourcer"},"content":{"rendered":"\t\t<div data-elementor-type=\"wp-page\" data-elementor-id=\"24113\" class=\"elementor elementor-24113 elementor-20404\">\n\t\t\t\t\t\t<section class=\"elementor-section elementor-top-section elementor-element elementor-element-338326b elementor-section-boxed elementor-section-height-default elementor-section-height-default\" data-id=\"338326b\" data-element_type=\"section\" data-e-type=\"section\">\n\t\t\t\t\t\t<div class=\"elementor-container elementor-column-gap-default\">\n\t\t\t\t\t<div class=\"elementor-column elementor-col-100 elementor-top-column elementor-element elementor-element-571afd3\" data-id=\"571afd3\" data-element_type=\"column\" data-e-type=\"column\">\n\t\t\t<div class=\"elementor-widget-wrap elementor-element-populated\">\n\t\t\t\t\t\t<div class=\"elementor-element elementor-element-3efd44f elementor-widget elementor-widget-text-editor\" data-id=\"3efd44f\" data-element_type=\"widget\" data-e-type=\"widget\" data-widget_type=\"text-editor.default\">\n\t\t\t\t<div class=\"elementor-widget-container\">\n\t\t\t\t\t\t\t\t\t<h2>Bliv kl\u00e6dt p\u00e5 som arrang\u00f8r p\u00e5 Fastaval!<\/h2><p>Her finder du alt, hvad du har brug for som frivillig arrang\u00f8r p\u00e5 Fastaval \u2013 fra praktiske guides til kontaktoplysninger og nyttige ressourcer. Uanset om du er ny arrang\u00f8r eller har v\u00e6ret med i flere \u00e5r, kan du her f\u00e5 et overblik over, hvordan Fastaval fungerer bag kulisserne, hvem du kan kontakte, og hvor du finder st\u00f8tte til dit omr\u00e5de. <\/p><p>Vi er et st\u00e6rkt f\u00e6llesskab, og denne side er til for at g\u00f8re dit arbejde lettere, s\u00e5 du kan fokusere p\u00e5 at skabe den bedste Fastaval-oplevelse! <\/p>\t\t\t\t\t\t\t\t<\/div>\n\t\t\t\t<\/div>\n\t\t\t\t\t<\/div>\n\t\t<\/div>\n\t\t\t\t\t<\/div>\n\t\t<\/section>\n\t\t\t\t<section class=\"elementor-section elementor-top-section elementor-element elementor-element-e0d31a6 elementor-section-boxed elementor-section-height-default elementor-section-height-default\" data-id=\"e0d31a6\" data-element_type=\"section\" data-e-type=\"section\">\n\t\t\t\t\t\t<div class=\"elementor-container elementor-column-gap-default\">\n\t\t\t\t\t<div class=\"elementor-column elementor-col-50 elementor-top-column elementor-element elementor-element-fa835bf\" data-id=\"fa835bf\" data-element_type=\"column\" data-e-type=\"column\">\n\t\t\t<div class=\"elementor-widget-wrap elementor-element-populated\">\n\t\t\t\t\t\t<div class=\"elementor-element elementor-element-2c3cc35 elementor-widget elementor-widget-heading\" data-id=\"2c3cc35\" data-element_type=\"widget\" data-e-type=\"widget\" data-widget_type=\"heading.default\">\n\t\t\t\t<div class=\"elementor-widget-container\">\n\t\t\t\t\t<h3 class=\"elementor-heading-title elementor-size-default\">The Organiser's Handbook<\/h3>\t\t\t\t<\/div>\n\t\t\t\t<\/div>\n\t\t\t\t<div class=\"elementor-element elementor-element-b438b74 elementor-widget elementor-widget-text-editor\" data-id=\"b438b74\" data-element_type=\"widget\" data-e-type=\"widget\" data-widget_type=\"text-editor.default\">\n\t\t\t\t<div class=\"elementor-widget-container\">\n\t\t\t\t\t\t\t\t\t<p>Arrang\u00f8rh\u00e5ndbogen er t\u00e6nkt som et v\u00e6rkt\u00f8j der skal g\u00f8re det nemmere at v\u00e6re arrang\u00f8r p\u00e5 Fastaval. Heri finder du b\u00e5de guides til hvordan vi samarbejder omr\u00e5derne imellem, viden om Fastavals opbygning, og svar p\u00e5 helt konkrete sp\u00f8rgsm\u00e5l. <\/p>\t\t\t\t\t\t\t\t<\/div>\n\t\t\t\t<\/div>\n\t\t\t\t<div class=\"elementor-element elementor-element-146fc97 elementor-widget elementor-widget-button\" data-id=\"146fc97\" data-element_type=\"widget\" data-e-type=\"widget\" data-widget_type=\"button.default\">\n\t\t\t\t<div class=\"elementor-widget-container\">\n\t\t\t\t\t\t\t\t\t<div class=\"elementor-button-wrapper\">\n\t\t\t\t\t<a class=\"elementor-button elementor-button-link elementor-size-sm\" href=\"https:\/\/www.fastaval.dk\/wp-content\/uploads\/2025\/03\/Arrangoerhaandbogen-2.pdf\">\n\t\t\t\t\t\t<span class=\"elementor-button-content-wrapper\">\n\t\t\t\t\t\t\t\t\t<span class=\"elementor-button-text\">Downloade den her<\/span>\n\t\t\t\t\t<\/span>\n\t\t\t\t\t<\/a>\n\t\t\t\t<\/div>\n\t\t\t\t\t\t\t\t<\/div>\n\t\t\t\t<\/div>\n\t\t\t\t\t<\/div>\n\t\t<\/div>\n\t\t\t\t<div class=\"elementor-column elementor-col-50 elementor-top-column elementor-element elementor-element-6dc1dc7\" data-id=\"6dc1dc7\" data-element_type=\"column\" data-e-type=\"column\">\n\t\t\t<div class=\"elementor-widget-wrap elementor-element-populated\">\n\t\t\t\t\t\t<div class=\"elementor-element elementor-element-294f6f2 elementor-widget elementor-widget-image\" data-id=\"294f6f2\" data-element_type=\"widget\" data-e-type=\"widget\" data-widget_type=\"image.default\">\n\t\t\t\t<div class=\"elementor-widget-container\">\n\t\t\t\t\t\t\t\t\t\t\t\t\t\t\t<img fetchpriority=\"high\" decoding=\"async\" width=\"211\" height=\"300\" src=\"https:\/\/www.fastaval.dk\/wp-content\/uploads\/2025\/03\/Arrangoerhaandbogen-2025-211x300.jpg\" class=\"attachment-medium size-medium wp-image-21344\" alt=\"\" srcset=\"https:\/\/www.fastaval.dk\/wp-content\/uploads\/2025\/03\/Arrangoerhaandbogen-2025-211x300.jpg 211w, https:\/\/www.fastaval.dk\/wp-content\/uploads\/2025\/03\/Arrangoerhaandbogen-2025-1406x2000.jpg 1406w, https:\/\/www.fastaval.dk\/wp-content\/uploads\/2025\/03\/Arrangoerhaandbogen-2025-768x1093.jpg 768w, https:\/\/www.fastaval.dk\/wp-content\/uploads\/2025\/03\/Arrangoerhaandbogen-2025-1080x1536.jpg 1080w, https:\/\/www.fastaval.dk\/wp-content\/uploads\/2025\/03\/Arrangoerhaandbogen-2025-1440x2048.jpg 1440w, https:\/\/www.fastaval.dk\/wp-content\/uploads\/2025\/03\/Arrangoerhaandbogen-2025-8x12.jpg 8w, https:\/\/www.fastaval.dk\/wp-content\/uploads\/2025\/03\/Arrangoerhaandbogen-2025-scaled.jpg 1800w\" sizes=\"(max-width: 211px) 100vw, 211px\" \/>\t\t\t\t\t\t\t\t\t\t\t\t\t\t\t<\/div>\n\t\t\t\t<\/div>\n\t\t\t\t\t<\/div>\n\t\t<\/div>\n\t\t\t\t\t<\/div>\n\t\t<\/section>\n\t\t\t\t<\/div>\n\t\t","protected":false},"excerpt":{"rendered":"<p>Bliv kl\u00e6dt p\u00e5 som arrang\u00f8r p\u00e5 Fastaval! Her finder du alt, hvad du har brug for som frivillig arrang\u00f8r p\u00e5 Fastaval \u2013 fra praktiske guides til kontaktoplysninger og nyttige ressourcer. Uanset om du er ny arrang\u00f8r eller har v\u00e6ret med i flere \u00e5r, kan du her f\u00e5 et overblik over, hvordan Fastaval fungerer bag kulisserne, [&hellip;]<\/p>\n","protected":false},"author":25,"featured_media":0,"parent":0,"menu_order":0,"comment_status":"closed","ping_status":"closed","template":"","meta":{"om_disable_all_campaigns":false,"_monsterinsights_skip_tracking":false,"_monsterinsights_sitenote_active":false,"_monsterinsights_sitenote_note":"","_monsterinsights_sitenote_category":0,"_uf_show_specific_survey":0,"_uf_disable_surveys":false,"footnotes":""},"class_list":["post-24113","page","type-page","status-publish","hentry"],"aioseo_notices":[],"_links":{"self":[{"href":"https:\/\/www.fastaval.dk\/en\/wp-json\/wp\/v2\/pages\/24113","targetHints":{"allow":["GET"]}}],"collection":[{"href":"https:\/\/www.fastaval.dk\/en\/wp-json\/wp\/v2\/pages"}],"about":[{"href":"https:\/\/www.fastaval.dk\/en\/wp-json\/wp\/v2\/types\/page"}],"author":[{"embeddable":true,"href":"https:\/\/www.fastaval.dk\/en\/wp-json\/wp\/v2\/users\/25"}],"replies":[{"embeddable":true,"href":"https:\/\/www.fastaval.dk\/en\/wp-json\/wp\/v2\/comments?post=24113"}],"version-history":[{"count":1,"href":"https:\/\/www.fastaval.dk\/en\/wp-json\/wp\/v2\/pages\/24113\/revisions"}],"predecessor-version":[{"id":24114,"href":"https:\/\/www.fastaval.dk\/en\/wp-json\/wp\/v2\/pages\/24113\/revisions\/24114"}],"wp:attachment":[{"href":"https:\/\/www.fastaval.dk\/en\/wp-json\/wp\/v2\/media?parent=24113"}],"curies":[{"name":"wp","href":"https:\/\/api.w.org\/{rel}","templated":true}]}}