{"id":24396,"date":"2026-02-01T00:32:50","date_gmt":"2026-01-31T22:32:50","guid":{"rendered":"https:\/\/www.fastaval.dk\/sponsorships\/"},"modified":"2026-03-01T11:02:36","modified_gmt":"2026-03-01T09:02:36","slug":"sponsorships","status":"publish","type":"page","link":"https:\/\/www.fastaval.dk\/en\/sponsorships\/","title":{"rendered":"Sponsorships"},"content":{"rendered":"\t\t<div data-elementor-type=\"wp-page\" data-elementor-id=\"24396\" class=\"elementor elementor-24396 elementor-7350\">\n\t\t\t\t\t\t<section class=\"elementor-section elementor-top-section elementor-element elementor-element-1547458 elementor-section-boxed elementor-section-height-default elementor-section-height-default\" data-id=\"1547458\" data-element_type=\"section\" data-e-type=\"section\">\n\t\t\t\t\t\t<div class=\"elementor-container elementor-column-gap-default\">\n\t\t\t\t\t<div class=\"elementor-column elementor-col-100 elementor-top-column elementor-element elementor-element-23c5346\" data-id=\"23c5346\" data-element_type=\"column\" data-e-type=\"column\">\n\t\t\t<div class=\"elementor-widget-wrap elementor-element-populated\">\n\t\t\t\t\t\t<div class=\"elementor-element elementor-element-26ff6e9 elementor-widget elementor-widget-heading\" data-id=\"26ff6e9\" data-element_type=\"widget\" data-e-type=\"widget\" data-widget_type=\"heading.default\">\n\t\t\t\t<div class=\"elementor-widget-container\">\n\t\t\t\t\t<h2 class=\"elementor-heading-title elementor-size-default\">Sponsorships for Fastaval 2026<\/h2>\t\t\t\t<\/div>\n\t\t\t\t<\/div>\n\t\t\t\t\t<\/div>\n\t\t<\/div>\n\t\t\t\t\t<\/div>\n\t\t<\/section>\n\t\t\t\t<section class=\"elementor-section elementor-top-section elementor-element elementor-element-23885e1 elementor-section-boxed elementor-section-height-default elementor-section-height-default\" data-id=\"23885e1\" data-element_type=\"section\" data-e-type=\"section\">\n\t\t\t\t\t\t<div class=\"elementor-container elementor-column-gap-default\">\n\t\t\t\t\t<div class=\"elementor-column elementor-col-100 elementor-top-column elementor-element elementor-element-0ee55d7\" data-id=\"0ee55d7\" data-element_type=\"column\" data-e-type=\"column\">\n\t\t\t<div class=\"elementor-widget-wrap elementor-element-populated\">\n\t\t\t\t\t\t<div class=\"elementor-element elementor-element-d9d648d elementor-widget elementor-widget-text-editor\" data-id=\"d9d648d\" data-element_type=\"widget\" data-e-type=\"widget\" data-widget_type=\"text-editor.default\">\n\t\t\t\t<div class=\"elementor-widget-container\">\n\t\t\t\t\t\t\t\t\t<div class=\"fusion-fullwidth fullwidth-box fusion-builder-row-2 fusion-flex-container nonhundred-percent-fullwidth non-hundred-percent-height-scrolling\"><div class=\"fusion-builder-row fusion-row fusion-flex-align-items-flex-start\"><div class=\"fusion-layout-column fusion_builder_column fusion-builder-column-1 fusion_builder_column_1_1 1_1 fusion-flex-column\"><div class=\"fusion-column-wrapper fusion-flex-justify-content-flex-start fusion-content-layout-column\"><div class=\"fusion-text fusion-text-1\"><h4 style=\"text-align: center;\">Would you like to contribute with something to Fastaval?<\/h4><p style=\"text-align: center;\"><strong>Then send an email to <a href=\"mailto:fastaval@fastaval.dk\">fastaval@fastaval.dk<\/a><\/strong><\/p><\/div><\/div><\/div><\/div><\/div><div class=\"fusion-fullwidth fullwidth-box fusion-builder-row-3 fusion-flex-container nonhundred-percent-fullwidth non-hundred-percent-height-scrolling\"><div class=\"fusion-builder-row fusion-row fusion-flex-align-items-flex-start\"><div class=\"fusion-layout-column fusion_builder_column fusion-builder-column-2 fusion_builder_column_1_1 1_1 fusion-flex-column\"><div class=\"fusion-column-wrapper fusion-flex-justify-content-flex-start fusion-content-layout-column\"><div class=\"fusion-text fusion-text-2\"><p style=\"text-align: center;\">In 2026, we will use the support from rich uncles and aunts to provide participants with dinner and breakfast if they feel they need financial assistance. If you are not coming to Fastaval but would still like to contribute, you can send an email to <a href=\"mailto:andreas@fastaval.dk\">andreas@fastaval.dk<\/a> and get help sending a donation. <\/p><\/div><\/div><\/div><\/div><\/div>\t\t\t\t\t\t\t\t<\/div>\n\t\t\t\t<\/div>\n\t\t\t\t\t<\/div>\n\t\t<\/div>\n\t\t\t\t\t<\/div>\n\t\t<\/section>\n\t\t\t\t<section class=\"elementor-section elementor-top-section elementor-element elementor-element-eaa4a45 elementor-section-boxed elementor-section-height-default elementor-section-height-default\" data-id=\"eaa4a45\" data-element_type=\"section\" data-e-type=\"section\">\n\t\t\t\t\t\t<div class=\"elementor-container elementor-column-gap-default\">\n\t\t\t\t\t<div class=\"elementor-column elementor-col-100 elementor-top-column elementor-element elementor-element-470985c\" data-id=\"470985c\" data-element_type=\"column\" data-e-type=\"column\">\n\t\t\t<div class=\"elementor-widget-wrap elementor-element-populated\">\n\t\t\t\t\t\t<div class=\"elementor-element elementor-element-7282d35 elementor-widget-divider--view-line elementor-widget elementor-widget-divider\" data-id=\"7282d35\" data-element_type=\"widget\" data-e-type=\"widget\" data-widget_type=\"divider.default\">\n\t\t\t\t<div class=\"elementor-widget-container\">\n\t\t\t\t\t\t\t<div class=\"elementor-divider\">\n\t\t\t<span class=\"elementor-divider-separator\">\n\t\t\t\t\t\t<\/span>\n\t\t<\/div>\n\t\t\t\t\t\t<\/div>\n\t\t\t\t<\/div>\n\t\t\t\t\t<\/div>\n\t\t<\/div>\n\t\t\t\t\t<\/div>\n\t\t<\/section>\n\t\t\t\t<section class=\"elementor-section elementor-top-section elementor-element elementor-element-5cbc785 elementor-section-boxed elementor-section-height-default elementor-section-height-default\" data-id=\"5cbc785\" data-element_type=\"section\" data-e-type=\"section\">\n\t\t\t\t\t\t<div class=\"elementor-container elementor-column-gap-default\">\n\t\t\t\t\t<div class=\"elementor-column elementor-col-50 elementor-top-column elementor-element elementor-element-3e6a154\" data-id=\"3e6a154\" data-element_type=\"column\" data-e-type=\"column\">\n\t\t\t<div class=\"elementor-widget-wrap elementor-element-populated\">\n\t\t\t\t\t\t<div class=\"elementor-element elementor-element-97f1cf4 elementor-widget elementor-widget-text-editor\" data-id=\"97f1cf4\" data-element_type=\"widget\" data-e-type=\"widget\" data-widget_type=\"text-editor.default\">\n\t\t\t\t<div class=\"elementor-widget-container\">\n\t\t\t\t\t\t\t\t\t<p>Fastaval has received sponsorship for many different things, including giveaways, competitions, and bingo.<br>Thank you very much for your support.<\/p><p>Giveaways and contests:<\/p><p>Epic Panda &#8211; Br\u00e6tspil<br>Epic Armoury &#8211; Sv\u00e6rd og skjold<br>Grandmas Gaming Goodies &#8211; Terninger<br>Geek a Roll &#8211; Lampe, sk\u00e5l, n\u00f8glering og magnet<br>Tiny Magic Crafts &#8211; T\u00e5rn og f\u00e6ngsel til terninger<br>By Jepsen &#8211; B\u00e6ltetaske i l\u00e6der<\/p><p>Bingo prices:<\/p><p>OdnyArt &#8211; prints and bracelets<br>Nanna Skytte Art &#8211; Prints<br>Scandavian Costume Fangroup &#8211; Lip gloss set<br>RavicaArt &#8211; Ceramics and bookmarks<br>Sassiecat3d &#8211; Dragon key rings<br>Geek a Roll &#8211; Key ring, figurine, and pendulum<br>Dennis Mejsedal &#8211; Figurine in display case<\/p>\t\t\t\t\t\t\t\t<\/div>\n\t\t\t\t<\/div>\n\t\t\t\t<div class=\"elementor-element elementor-element-937e763 elementor-widget elementor-widget-image\" data-id=\"937e763\" data-element_type=\"widget\" data-e-type=\"widget\" data-widget_type=\"image.default\">\n\t\t\t\t<div class=\"elementor-widget-container\">\n\t\t\t\t\t\t\t\t\t\t\t\t\t\t\t\t<a href=\"https:\/\/epicpanda.dk\/shop\/frontpage.html\">\n\t\t\t\t\t\t\t<img fetchpriority=\"high\" decoding=\"async\" width=\"300\" height=\"285\" src=\"https:\/\/www.fastaval.dk\/wp-content\/uploads\/2026\/02\/Epic-Panda-logo_sh-300x285.jpg\" class=\"attachment-medium size-medium wp-image-24707\" alt=\"\" srcset=\"https:\/\/www.fastaval.dk\/wp-content\/uploads\/2026\/02\/Epic-Panda-logo_sh-300x285.jpg 300w, https:\/\/www.fastaval.dk\/wp-content\/uploads\/2026\/02\/Epic-Panda-logo_sh-768x730.jpg 768w, https:\/\/www.fastaval.dk\/wp-content\/uploads\/2026\/02\/elementor\/thumbs\/Epic-Panda-logo_sh-rio9scb8c8fg4hbyq8zlrxjt7ux2tb48tzfj8fnw3k.jpg 840w, https:\/\/www.fastaval.dk\/wp-content\/uploads\/2026\/02\/Epic-Panda-logo_sh.jpg 842w\" sizes=\"(max-width: 300px) 100vw, 300px\" \/>\t\t\t\t\t\t\t\t<\/a>\n\t\t\t\t\t\t\t\t\t\t\t\t\t\t\t<\/div>\n\t\t\t\t<\/div>\n\t\t\t\t<div class=\"elementor-element elementor-element-93dcbbb elementor-widget elementor-widget-image\" data-id=\"93dcbbb\" data-element_type=\"widget\" data-e-type=\"widget\" data-widget_type=\"image.default\">\n\t\t\t\t<div class=\"elementor-widget-container\">\n\t\t\t\t\t\t\t\t\t\t\t\t\t\t\t\t<a href=\"https:\/\/epicarmoury.com\/\">\n\t\t\t\t\t\t\t<img decoding=\"async\" width=\"768\" height=\"220\" src=\"https:\/\/www.fastaval.dk\/wp-content\/uploads\/2026\/02\/Marketing-Logos-EpicArmoury-Colour-Glow-768x220.png\" class=\"attachment-medium_large size-medium_large wp-image-24708\" alt=\"\" srcset=\"https:\/\/www.fastaval.dk\/wp-content\/uploads\/2026\/02\/Marketing-Logos-EpicArmoury-Colour-Glow-768x220.png 768w, https:\/\/www.fastaval.dk\/wp-content\/uploads\/2026\/02\/Marketing-Logos-EpicArmoury-Colour-Glow-300x86.png 300w, https:\/\/www.fastaval.dk\/wp-content\/uploads\/2026\/02\/Marketing-Logos-EpicArmoury-Colour-Glow-1536x440.png 1536w, https:\/\/www.fastaval.dk\/wp-content\/uploads\/2026\/02\/Marketing-Logos-EpicArmoury-Colour-Glow.png 1906w\" sizes=\"(max-width: 768px) 100vw, 768px\" \/>\t\t\t\t\t\t\t\t<\/a>\n\t\t\t\t\t\t\t\t\t\t\t\t\t\t\t<\/div>\n\t\t\t\t<\/div>\n\t\t\t\t\t<\/div>\n\t\t<\/div>\n\t\t\t\t<div class=\"elementor-column elementor-col-50 elementor-top-column elementor-element elementor-element-94316f7\" data-id=\"94316f7\" data-element_type=\"column\" data-e-type=\"column\">\n\t\t\t<div class=\"elementor-widget-wrap elementor-element-populated\">\n\t\t\t\t\t\t<div class=\"elementor-element elementor-element-96e70ab elementor-widget elementor-widget-text-editor\" data-id=\"96e70ab\" data-element_type=\"widget\" data-e-type=\"widget\" data-widget_type=\"text-editor.default\">\n\t\t\t\t<div class=\"elementor-widget-container\">\n\t\t\t\t\t\t\t\t\t<p style=\"text-align: center;\">For Fastaval 2026, <b>Bach Hansen Consult <\/b>is sponsoring name tags for all participants.<\/p><p style=\"text-align: center;\">Thank you so much for your support!<\/p>\t\t\t\t\t\t\t\t<\/div>\n\t\t\t\t<\/div>\n\t\t\t\t<div class=\"elementor-element elementor-element-201fe1a elementor-widget elementor-widget-image\" data-id=\"201fe1a\" data-element_type=\"widget\" data-e-type=\"widget\" data-widget_type=\"image.default\">\n\t\t\t\t<div class=\"elementor-widget-container\">\n\t\t\t\t\t\t\t\t\t\t\t\t\t\t\t<img decoding=\"async\" width=\"300\" height=\"252\" src=\"https:\/\/www.fastaval.dk\/wp-content\/uploads\/2024\/02\/241390352_3210273119201943_1343698557604884765_n-300x252.png\" class=\"attachment-medium size-medium wp-image-21232\" alt=\"\" srcset=\"https:\/\/www.fastaval.dk\/wp-content\/uploads\/2024\/02\/241390352_3210273119201943_1343698557604884765_n-300x252.png 300w, https:\/\/www.fastaval.dk\/wp-content\/uploads\/2024\/02\/241390352_3210273119201943_1343698557604884765_n-14x12.png 14w, https:\/\/www.fastaval.dk\/wp-content\/uploads\/2024\/02\/241390352_3210273119201943_1343698557604884765_n.png 564w\" sizes=\"(max-width: 300px) 100vw, 300px\" \/>\t\t\t\t\t\t\t\t\t\t\t\t\t\t\t<\/div>\n\t\t\t\t<\/div>\n\t\t\t\t<div class=\"elementor-element elementor-element-57ac388 elementor-widget elementor-widget-text-editor\" data-id=\"57ac388\" data-element_type=\"widget\" data-e-type=\"widget\" data-widget_type=\"text-editor.default\">\n\t\t\t\t<div class=\"elementor-widget-container\">\n\t\t\t\t\t\t\t\t\t<p style=\"text-align: center;\">For Fastaval 2026, <b>Not A Hero<\/b> is sponsoring a mobile router and internet access for the Info desk.<\/p><p style=\"text-align: center;\">Thank you so much for your support!<\/p>\t\t\t\t\t\t\t\t<\/div>\n\t\t\t\t<\/div>\n\t\t\t\t<div class=\"elementor-element elementor-element-549830a elementor-widget elementor-widget-image\" data-id=\"549830a\" data-element_type=\"widget\" data-e-type=\"widget\" data-widget_type=\"image.default\">\n\t\t\t\t<div class=\"elementor-widget-container\">\n\t\t\t\t\t\t\t\t\t\t\t\t\t\t\t<img loading=\"lazy\" decoding=\"async\" width=\"300\" height=\"176\" src=\"https:\/\/www.fastaval.dk\/wp-content\/uploads\/2026\/02\/449480958_441653108742678_3476172690345776495_n-300x176.jpg\" class=\"attachment-medium size-medium wp-image-24720\" alt=\"\" srcset=\"https:\/\/www.fastaval.dk\/wp-content\/uploads\/2026\/02\/449480958_441653108742678_3476172690345776495_n-300x176.jpg 300w, https:\/\/www.fastaval.dk\/wp-content\/uploads\/2026\/02\/449480958_441653108742678_3476172690345776495_n.jpg 604w\" sizes=\"(max-width: 300px) 100vw, 300px\" \/>\t\t\t\t\t\t\t\t\t\t\t\t\t\t\t<\/div>\n\t\t\t\t<\/div>\n\t\t\t\t<div class=\"elementor-element elementor-element-1cc4d38 elementor-widget elementor-widget-text-editor\" data-id=\"1cc4d38\" data-element_type=\"widget\" data-e-type=\"widget\" data-widget_type=\"text-editor.default\">\n\t\t\t\t<div class=\"elementor-widget-container\">\n\t\t\t\t\t\t\t\t\t<p style=\"text-align: center;\">Here&#8217;s space for your logo!<\/p>\t\t\t\t\t\t\t\t<\/div>\n\t\t\t\t<\/div>\n\t\t\t\t<div class=\"elementor-element elementor-element-56b67c0 elementor-widget elementor-widget-image\" data-id=\"56b67c0\" data-element_type=\"widget\" data-e-type=\"widget\" data-widget_type=\"image.default\">\n\t\t\t\t<div class=\"elementor-widget-container\">\n\t\t\t\t\t\t\t\t\t\t\t\t\t\t\t<img loading=\"lazy\" decoding=\"async\" width=\"300\" height=\"155\" src=\"https:\/\/www.fastaval.dk\/wp-content\/uploads\/2026\/03\/f959e516-9af2-4c5d-85fd-bedab764e8c2-300x155.jpg\" class=\"attachment-medium size-medium wp-image-25136\" alt=\"\" srcset=\"https:\/\/www.fastaval.dk\/wp-content\/uploads\/2026\/03\/f959e516-9af2-4c5d-85fd-bedab764e8c2-300x155.jpg 300w, https:\/\/www.fastaval.dk\/wp-content\/uploads\/2026\/03\/f959e516-9af2-4c5d-85fd-bedab764e8c2-2000x1032.jpg 2000w, https:\/\/www.fastaval.dk\/wp-content\/uploads\/2026\/03\/f959e516-9af2-4c5d-85fd-bedab764e8c2-768x396.jpg 768w, https:\/\/www.fastaval.dk\/wp-content\/uploads\/2026\/03\/f959e516-9af2-4c5d-85fd-bedab764e8c2-1536x793.jpg 1536w, https:\/\/www.fastaval.dk\/wp-content\/uploads\/2026\/03\/f959e516-9af2-4c5d-85fd-bedab764e8c2-2048x1057.jpg 2048w\" sizes=\"(max-width: 300px) 100vw, 300px\" \/>\t\t\t\t\t\t\t\t\t\t\t\t\t\t\t<\/div>\n\t\t\t\t<\/div>\n\t\t\t\t\t<\/div>\n\t\t<\/div>\n\t\t\t\t\t<\/div>\n\t\t<\/section>\n\t\t\t\t<\/div>\n\t\t","protected":false},"excerpt":{"rendered":"<p>Sponsorships for Fastaval 2026 Would you like to contribute with something to Fastaval? Then send an email to fastaval@fastaval.dk In 2026, we will use the support from rich uncles and aunts to provide participants with dinner and breakfast if they feel they need financial assistance. If you are not coming to Fastaval but would still [&hellip;]<\/p>\n","protected":false},"author":30,"featured_media":0,"parent":0,"menu_order":0,"comment_status":"closed","ping_status":"closed","template":"","meta":{"om_disable_all_campaigns":false,"_monsterinsights_skip_tracking":false,"_monsterinsights_sitenote_active":false,"_monsterinsights_sitenote_note":"","_monsterinsights_sitenote_category":0,"_uf_show_specific_survey":0,"_uf_disable_surveys":false,"footnotes":""},"class_list":["post-24396","page","type-page","status-publish","hentry"],"aioseo_notices":[],"_links":{"self":[{"href":"https:\/\/www.fastaval.dk\/en\/wp-json\/wp\/v2\/pages\/24396","targetHints":{"allow":["GET"]}}],"collection":[{"href":"https:\/\/www.fastaval.dk\/en\/wp-json\/wp\/v2\/pages"}],"about":[{"href":"https:\/\/www.fastaval.dk\/en\/wp-json\/wp\/v2\/types\/page"}],"author":[{"embeddable":true,"href":"https:\/\/www.fastaval.dk\/en\/wp-json\/wp\/v2\/users\/30"}],"replies":[{"embeddable":true,"href":"https:\/\/www.fastaval.dk\/en\/wp-json\/wp\/v2\/comments?post=24396"}],"version-history":[{"count":4,"href":"https:\/\/www.fastaval.dk\/en\/wp-json\/wp\/v2\/pages\/24396\/revisions"}],"predecessor-version":[{"id":25140,"href":"https:\/\/www.fastaval.dk\/en\/wp-json\/wp\/v2\/pages\/24396\/revisions\/25140"}],"wp:attachment":[{"href":"https:\/\/www.fastaval.dk\/en\/wp-json\/wp\/v2\/media?parent=24396"}],"curies":[{"name":"wp","href":"https:\/\/api.w.org\/{rel}","templated":true}]}}