{"id":5516,"date":"2020-08-16T20:55:45","date_gmt":"2020-08-16T18:55:45","guid":{"rendered":"https:\/\/www.fastaval.dk\/?page_id=5516"},"modified":"2026-01-26T20:19:30","modified_gmt":"2026-01-26T18:19:30","slug":"26tilmelding","status":"publish","type":"page","link":"https:\/\/www.fastaval.dk\/en\/26tilmelding\/","title":{"rendered":"Fastaval Tilmelding"},"content":{"rendered":"\n<h2 class=\"wp-block-heading\"><\/h2>\n\n\n\n<p>Tilmeldingen er ikke \u00e5ben endnu.<\/p>\n\n\n\n<p>N\u00e5r tilmeldingen engang \u00e5bner, vil den v\u00e6re at finde p\u00e5 denne side<\/p>\n","protected":false},"excerpt":{"rendered":"<p>Tilmeldingen er ikke \u00e5ben endnu. N\u00e5r tilmeldingen engang \u00e5bner, vil den v\u00e6re at finde p\u00e5 denne side<\/p>\n","protected":false},"author":12,"featured_media":0,"parent":0,"menu_order":0,"comment_status":"closed","ping_status":"closed","template":"","meta":{"om_disable_all_campaigns":false,"_monsterinsights_skip_tracking":false,"_monsterinsights_sitenote_active":false,"_monsterinsights_sitenote_note":"","_monsterinsights_sitenote_category":0,"_uf_show_specific_survey":0,"_uf_disable_surveys":false,"footnotes":""},"class_list":["post-5516","page","type-page","status-publish","hentry"],"aioseo_notices":[],"_links":{"self":[{"href":"https:\/\/www.fastaval.dk\/en\/wp-json\/wp\/v2\/pages\/5516","targetHints":{"allow":["GET"]}}],"collection":[{"href":"https:\/\/www.fastaval.dk\/en\/wp-json\/wp\/v2\/pages"}],"about":[{"href":"https:\/\/www.fastaval.dk\/en\/wp-json\/wp\/v2\/types\/page"}],"author":[{"embeddable":true,"href":"https:\/\/www.fastaval.dk\/en\/wp-json\/wp\/v2\/users\/12"}],"replies":[{"embeddable":true,"href":"https:\/\/www.fastaval.dk\/en\/wp-json\/wp\/v2\/comments?post=5516"}],"version-history":[{"count":8,"href":"https:\/\/www.fastaval.dk\/en\/wp-json\/wp\/v2\/pages\/5516\/revisions"}],"predecessor-version":[{"id":25197,"href":"https:\/\/www.fastaval.dk\/en\/wp-json\/wp\/v2\/pages\/5516\/revisions\/25197"}],"wp:attachment":[{"href":"https:\/\/www.fastaval.dk\/en\/wp-json\/wp\/v2\/media?parent=5516"}],"curies":[{"name":"wp","href":"https:\/\/api.w.org\/{rel}","templated":true}]}}